{"id":867,"date":"2019-03-26T23:44:52","date_gmt":"2019-03-26T23:44:52","guid":{"rendered":"https:\/\/www.shesso.com\/?page_id=867"},"modified":"2019-08-31T15:18:13","modified_gmt":"2019-08-31T13:18:13","slug":"azienda-maglieria-made-in-italy","status":"publish","type":"page","link":"https:\/\/www.shesso.com\/it\/azienda-maglieria-made-in-italy\/","title":{"rendered":"Azienda"},"content":{"rendered":"\t\t<div data-elementor-type=\"wp-post\" data-elementor-id=\"867\" class=\"elementor elementor-867 elementor-484\">\n\t\t\t\t\t\t\t\t\t<section class=\"elementor-section elementor-top-section elementor-element elementor-element-7bf99cf elementor-section-boxed elementor-section-height-default elementor-section-height-default\" data-id=\"7bf99cf\" data-element_type=\"section\" data-settings=\"{&quot;jet_parallax_layout_list&quot;:[{&quot;jet_parallax_layout_image&quot;:{&quot;url&quot;:&quot;&quot;,&quot;id&quot;:&quot;&quot;,&quot;size&quot;:&quot;&quot;},&quot;_id&quot;:&quot;aed4c36&quot;,&quot;jet_parallax_layout_image_tablet&quot;:{&quot;url&quot;:&quot;&quot;,&quot;id&quot;:&quot;&quot;,&quot;size&quot;:&quot;&quot;},&quot;jet_parallax_layout_image_mobile&quot;:{&quot;url&quot;:&quot;&quot;,&quot;id&quot;:&quot;&quot;,&quot;size&quot;:&quot;&quot;},&quot;jet_parallax_layout_speed&quot;:{&quot;unit&quot;:&quot;%&quot;,&quot;size&quot;:50,&quot;sizes&quot;:[]},&quot;jet_parallax_layout_type&quot;:&quot;scroll&quot;,&quot;jet_parallax_layout_z_index&quot;:&quot;&quot;,&quot;jet_parallax_layout_bg_x&quot;:50,&quot;jet_parallax_layout_bg_y&quot;:50,&quot;jet_parallax_layout_bg_size&quot;:&quot;auto&quot;,&quot;jet_parallax_layout_animation_prop&quot;:&quot;transform&quot;,&quot;jet_parallax_layout_on&quot;:[&quot;desktop&quot;,&quot;tablet&quot;],&quot;jet_parallax_layout_direction&quot;:null,&quot;jet_parallax_layout_fx_direction&quot;:null,&quot;jet_parallax_layout_bg_x_tablet&quot;:&quot;&quot;,&quot;jet_parallax_layout_bg_x_mobile&quot;:&quot;&quot;,&quot;jet_parallax_layout_bg_y_tablet&quot;:&quot;&quot;,&quot;jet_parallax_layout_bg_y_mobile&quot;:&quot;&quot;,&quot;jet_parallax_layout_bg_size_tablet&quot;:&quot;&quot;,&quot;jet_parallax_layout_bg_size_mobile&quot;:&quot;&quot;}]}\">\n\t\t\t\t\t\t<div class=\"elementor-container elementor-column-gap-default\">\n\t\t\t\t\t<div class=\"elementor-column elementor-col-100 elementor-top-column elementor-element elementor-element-ce719a3\" data-id=\"ce719a3\" data-element_type=\"column\">\n\t\t\t<div class=\"elementor-widget-wrap elementor-element-populated\">\n\t\t\t\t\t\t\t\t<div class=\"elementor-element elementor-element-f2a4fbe elementor-widget elementor-widget-spacer\" data-id=\"f2a4fbe\" data-element_type=\"widget\" data-widget_type=\"spacer.default\">\n\t\t\t\t<div class=\"elementor-widget-container\">\n\t\t\t\t\t<div class=\"elementor-spacer\">\n\t\t\t<div class=\"elementor-spacer-inner\"><\/div>\n\t\t<\/div>\n\t\t\t\t<\/div>\n\t\t\t\t<\/div>\n\t\t\t\t\t<\/div>\n\t\t<\/div>\n\t\t\t\t\t\t\t<\/div>\n\t\t<\/section>\n\t\t\t\t<section class=\"elementor-section elementor-top-section elementor-element elementor-element-c15e8d9 elementor-section-boxed elementor-section-height-default elementor-section-height-default\" data-id=\"c15e8d9\" data-element_type=\"section\" data-settings=\"{&quot;jet_parallax_layout_list&quot;:[{&quot;jet_parallax_layout_image&quot;:{&quot;url&quot;:&quot;&quot;,&quot;id&quot;:&quot;&quot;,&quot;size&quot;:&quot;&quot;},&quot;_id&quot;:&quot;4ede478&quot;,&quot;jet_parallax_layout_image_tablet&quot;:{&quot;url&quot;:&quot;&quot;,&quot;id&quot;:&quot;&quot;,&quot;size&quot;:&quot;&quot;},&quot;jet_parallax_layout_image_mobile&quot;:{&quot;url&quot;:&quot;&quot;,&quot;id&quot;:&quot;&quot;,&quot;size&quot;:&quot;&quot;},&quot;jet_parallax_layout_speed&quot;:{&quot;unit&quot;:&quot;%&quot;,&quot;size&quot;:50,&quot;sizes&quot;:[]},&quot;jet_parallax_layout_type&quot;:&quot;scroll&quot;,&quot;jet_parallax_layout_z_index&quot;:&quot;&quot;,&quot;jet_parallax_layout_bg_x&quot;:50,&quot;jet_parallax_layout_bg_y&quot;:50,&quot;jet_parallax_layout_bg_size&quot;:&quot;auto&quot;,&quot;jet_parallax_layout_animation_prop&quot;:&quot;transform&quot;,&quot;jet_parallax_layout_on&quot;:[&quot;desktop&quot;,&quot;tablet&quot;],&quot;jet_parallax_layout_direction&quot;:null,&quot;jet_parallax_layout_fx_direction&quot;:null,&quot;jet_parallax_layout_bg_x_tablet&quot;:&quot;&quot;,&quot;jet_parallax_layout_bg_x_mobile&quot;:&quot;&quot;,&quot;jet_parallax_layout_bg_y_tablet&quot;:&quot;&quot;,&quot;jet_parallax_layout_bg_y_mobile&quot;:&quot;&quot;,&quot;jet_parallax_layout_bg_size_tablet&quot;:&quot;&quot;,&quot;jet_parallax_layout_bg_size_mobile&quot;:&quot;&quot;}]}\">\n\t\t\t\t\t\t<div class=\"elementor-container elementor-column-gap-default\">\n\t\t\t\t\t<div class=\"elementor-column elementor-col-100 elementor-top-column elementor-element elementor-element-49604be\" data-id=\"49604be\" data-element_type=\"column\">\n\t\t\t<div class=\"elementor-widget-wrap elementor-element-populated\">\n\t\t\t\t\t\t\t\t<div class=\"elementor-element elementor-element-703f4ba elementor-widget elementor-widget-spacer\" data-id=\"703f4ba\" data-element_type=\"widget\" data-widget_type=\"spacer.default\">\n\t\t\t\t<div class=\"elementor-widget-container\">\n\t\t\t\t\t<div class=\"elementor-spacer\">\n\t\t\t<div class=\"elementor-spacer-inner\"><\/div>\n\t\t<\/div>\n\t\t\t\t<\/div>\n\t\t\t\t<\/div>\n\t\t\t\t<div class=\"elementor-element elementor-element-1cda4e6 elementor-widget elementor-widget-text-editor\" data-id=\"1cda4e6\" data-element_type=\"widget\" data-widget_type=\"text-editor.default\">\n\t\t\t\t<div class=\"elementor-widget-container\">\n\t\t\t\t\t\t\t<p>La storia di She\u2019s So racconta di un destino di successo scritto dall\u2019esperienza e dal talento. Nicola e Daniela Nicolini sono infatti figli d\u2019arte, cresciuti fra trame e filati nel laboratorio della madre che, grazie alle sue doti di originalit\u00e0 e intraprendenza, gi\u00e0 negli anni settanta produceva maglieria di altissimo livello per il brand Gemma Zanzani.<br \/>Nel 2000 la scelta di Nicola di creare una linea interamente disegnata da lui, e la collaborazione con Daniela per dare vita a un brand il cui stile riesce a essere sempre contemporaneo: She\u2019s So. Ogni singola creazione concentra l\u2019intera identit\u00e0 del marchio.<br \/>I capi sono immaginati direttamente sul volume di un corpo, quasi fossero le forme ad inventarsi, e lo stilista si limitasse semplicemente ad intuirle.<br \/>Una ricerca estetica che elimina tutto ci\u00f2 che \u00e8 superfluo, ridondante e restituisce un\u2019idea di femminilit\u00e0, di cui l\u2019abito \u00e8 la splendida cornice.<br \/>Ideata e realizzata totalmente in Italia, She\u2019s So \u00e8 ospite delle pi\u00f9 grandi manifestazioni di moda: Milano, Parigi, New York, Mosca.<br \/>Esporta nel mondo il 90% delle sue creazioni ed \u00e8 presente nelle migliori boutique.<\/p>\t\t\t\t\t\t<\/div>\n\t\t\t\t<\/div>\n\t\t\t\t\t<\/div>\n\t\t<\/div>\n\t\t\t\t\t\t\t<\/div>\n\t\t<\/section>\n\t\t\t\t<section class=\"elementor-section elementor-top-section elementor-element elementor-element-8ae414f elementor-section-boxed elementor-section-height-default elementor-section-height-default\" data-id=\"8ae414f\" data-element_type=\"section\" data-settings=\"{&quot;jet_parallax_layout_list&quot;:[{&quot;jet_parallax_layout_image&quot;:{&quot;url&quot;:&quot;&quot;,&quot;id&quot;:&quot;&quot;,&quot;size&quot;:&quot;&quot;},&quot;_id&quot;:&quot;3c3e4da&quot;,&quot;jet_parallax_layout_image_tablet&quot;:{&quot;url&quot;:&quot;&quot;,&quot;id&quot;:&quot;&quot;,&quot;size&quot;:&quot;&quot;},&quot;jet_parallax_layout_image_mobile&quot;:{&quot;url&quot;:&quot;&quot;,&quot;id&quot;:&quot;&quot;,&quot;size&quot;:&quot;&quot;},&quot;jet_parallax_layout_speed&quot;:{&quot;unit&quot;:&quot;%&quot;,&quot;size&quot;:50,&quot;sizes&quot;:[]},&quot;jet_parallax_layout_type&quot;:&quot;scroll&quot;,&quot;jet_parallax_layout_z_index&quot;:&quot;&quot;,&quot;jet_parallax_layout_bg_x&quot;:50,&quot;jet_parallax_layout_bg_y&quot;:50,&quot;jet_parallax_layout_bg_size&quot;:&quot;auto&quot;,&quot;jet_parallax_layout_animation_prop&quot;:&quot;transform&quot;,&quot;jet_parallax_layout_on&quot;:[&quot;desktop&quot;,&quot;tablet&quot;],&quot;jet_parallax_layout_direction&quot;:null,&quot;jet_parallax_layout_fx_direction&quot;:null,&quot;jet_parallax_layout_bg_x_tablet&quot;:&quot;&quot;,&quot;jet_parallax_layout_bg_x_mobile&quot;:&quot;&quot;,&quot;jet_parallax_layout_bg_y_tablet&quot;:&quot;&quot;,&quot;jet_parallax_layout_bg_y_mobile&quot;:&quot;&quot;,&quot;jet_parallax_layout_bg_size_tablet&quot;:&quot;&quot;,&quot;jet_parallax_layout_bg_size_mobile&quot;:&quot;&quot;}]}\">\n\t\t\t\t\t\t<div class=\"elementor-container elementor-column-gap-default\">\n\t\t\t\t\t<div class=\"elementor-column elementor-col-100 elementor-top-column elementor-element elementor-element-b1d9773\" data-id=\"b1d9773\" data-element_type=\"column\">\n\t\t\t<div class=\"elementor-widget-wrap elementor-element-populated\">\n\t\t\t\t\t\t\t\t<div class=\"elementor-element elementor-element-a369633 elementor-widget elementor-widget-spacer\" data-id=\"a369633\" data-element_type=\"widget\" data-widget_type=\"spacer.default\">\n\t\t\t\t<div class=\"elementor-widget-container\">\n\t\t\t\t\t<div class=\"elementor-spacer\">\n\t\t\t<div class=\"elementor-spacer-inner\"><\/div>\n\t\t<\/div>\n\t\t\t\t<\/div>\n\t\t\t\t<\/div>\n\t\t\t\t\t<\/div>\n\t\t<\/div>\n\t\t\t\t\t\t\t<\/div>\n\t\t<\/section>\n\t\t\t\t<section class=\"elementor-section elementor-top-section elementor-element elementor-element-0f86623 elementor-section-full_width elementor-section-height-default elementor-section-height-default\" data-id=\"0f86623\" data-element_type=\"section\" data-settings=\"{&quot;jet_parallax_layout_list&quot;:[{&quot;jet_parallax_layout_image&quot;:{&quot;url&quot;:&quot;&quot;,&quot;id&quot;:&quot;&quot;,&quot;size&quot;:&quot;&quot;},&quot;_id&quot;:&quot;e15ee69&quot;,&quot;jet_parallax_layout_image_tablet&quot;:{&quot;url&quot;:&quot;&quot;,&quot;id&quot;:&quot;&quot;,&quot;size&quot;:&quot;&quot;},&quot;jet_parallax_layout_image_mobile&quot;:{&quot;url&quot;:&quot;&quot;,&quot;id&quot;:&quot;&quot;,&quot;size&quot;:&quot;&quot;},&quot;jet_parallax_layout_speed&quot;:{&quot;unit&quot;:&quot;%&quot;,&quot;size&quot;:50,&quot;sizes&quot;:[]},&quot;jet_parallax_layout_type&quot;:&quot;scroll&quot;,&quot;jet_parallax_layout_z_index&quot;:&quot;&quot;,&quot;jet_parallax_layout_bg_x&quot;:50,&quot;jet_parallax_layout_bg_y&quot;:50,&quot;jet_parallax_layout_bg_size&quot;:&quot;auto&quot;,&quot;jet_parallax_layout_animation_prop&quot;:&quot;transform&quot;,&quot;jet_parallax_layout_on&quot;:[&quot;desktop&quot;,&quot;tablet&quot;],&quot;jet_parallax_layout_direction&quot;:null,&quot;jet_parallax_layout_fx_direction&quot;:null,&quot;jet_parallax_layout_bg_x_tablet&quot;:&quot;&quot;,&quot;jet_parallax_layout_bg_x_mobile&quot;:&quot;&quot;,&quot;jet_parallax_layout_bg_y_tablet&quot;:&quot;&quot;,&quot;jet_parallax_layout_bg_y_mobile&quot;:&quot;&quot;,&quot;jet_parallax_layout_bg_size_tablet&quot;:&quot;&quot;,&quot;jet_parallax_layout_bg_size_mobile&quot;:&quot;&quot;}]}\">\n\t\t\t\t\t\t<div class=\"elementor-container elementor-column-gap-default\">\n\t\t\t\t\t<div class=\"elementor-column elementor-col-100 elementor-top-column elementor-element elementor-element-891d1cc\" data-id=\"891d1cc\" data-element_type=\"column\">\n\t\t\t<div class=\"elementor-widget-wrap elementor-element-populated\">\n\t\t\t\t\t\t\t\t<div class=\"elementor-element elementor-element-09a6e6c elementor-widget elementor-widget-image\" data-id=\"09a6e6c\" data-element_type=\"widget\" data-widget_type=\"image.default\">\n\t\t\t\t<div class=\"elementor-widget-container\">\n\t\t\t\t\t\t\t\t\t\t\t\t\t\t\t<img fetchpriority=\"high\" decoding=\"async\" width=\"1920\" height=\"1281\" src=\"https:\/\/www.shesso.com\/wp-content\/uploads\/2019\/07\/azienda2019-1.jpg\" class=\"attachment-full size-full wp-image-1278\" alt=\"\" srcset=\"https:\/\/www.shesso.com\/wp-content\/uploads\/2019\/07\/azienda2019-1.jpg 1920w, https:\/\/www.shesso.com\/wp-content\/uploads\/2019\/07\/azienda2019-1-300x200.jpg 300w, https:\/\/www.shesso.com\/wp-content\/uploads\/2019\/07\/azienda2019-1-768x512.jpg 768w, https:\/\/www.shesso.com\/wp-content\/uploads\/2019\/07\/azienda2019-1-1024x683.jpg 1024w\" sizes=\"(max-width: 1920px) 100vw, 1920px\" \/>\t\t\t\t\t\t\t\t\t\t\t\t\t\t\t<\/div>\n\t\t\t\t<\/div>\n\t\t\t\t\t<\/div>\n\t\t<\/div>\n\t\t\t\t\t\t\t<\/div>\n\t\t<\/section>\n\t\t\t\t\t\t\t<\/div>\n\t\t","protected":false},"excerpt":{"rendered":"<p>La storia di She\u2019s So racconta di un destino di successo scritto dall\u2019esperienza e dal talento. Nicola e Daniela Nicolini sono infatti figli d\u2019arte, cresciuti fra trame e filati nel laboratorio della madre che, grazie alle sue doti di originalit\u00e0 e intraprendenza, gi\u00e0 negli anni settanta produceva maglieria di altissimo livello per il brand Gemma [&hellip;]<\/p>\n","protected":false},"author":2,"featured_media":0,"parent":0,"menu_order":0,"comment_status":"closed","ping_status":"closed","template":"elementor_header_footer","meta":{"_mi_skip_tracking":false,"_monsterinsights_sitenote_active":false,"_monsterinsights_sitenote_note":"","_monsterinsights_sitenote_category":0,"footnotes":""},"acf":[],"yoast_head":"<!-- This site is optimized with the Yoast SEO plugin v21.5 - https:\/\/yoast.com\/wordpress\/plugins\/seo\/ -->\n<title>Azienda maglieria made in italy: collezioni realizzate interamente in Italia<\/title>\n<meta name=\"description\" content=\"Collezioni di maglieria made in Italy: una ricerca estetica che elimina tutto ci\u00f2 che \u00e8 superfluo, e restituisce una nuova idea di femminilit\u00e0\" \/>\n<meta name=\"robots\" content=\"index, follow, max-snippet:-1, max-image-preview:large, max-video-preview:-1\" \/>\n<link rel=\"canonical\" href=\"https:\/\/www.shesso.com\/italian-fashion-company\/\" \/>\n<meta property=\"og:locale\" content=\"it_IT\" \/>\n<meta property=\"og:type\" content=\"article\" \/>\n<meta property=\"og:title\" content=\"Azienda maglieria made in italy: collezioni realizzate interamente in Italia\" \/>\n<meta property=\"og:description\" content=\"Collezioni di maglieria made in Italy: una ricerca estetica che elimina tutto ci\u00f2 che \u00e8 superfluo, e restituisce una nuova idea di femminilit\u00e0\" \/>\n<meta property=\"og:url\" content=\"https:\/\/www.shesso.com\/italian-fashion-company\/\" \/>\n<meta property=\"og:site_name\" content=\"SHE&#039;S SO\" \/>\n<meta property=\"article:publisher\" content=\"https:\/\/www.facebook.com\/ShessoItaly\/\" \/>\n<meta property=\"article:modified_time\" content=\"2019-08-31T13:18:13+00:00\" \/>\n<meta property=\"og:image\" content=\"https:\/\/www.shesso.com\/wp-content\/uploads\/2019\/07\/azienda2019-1.jpg\" \/>\n<meta name=\"twitter:card\" content=\"summary_large_image\" \/>\n<meta name=\"twitter:label1\" content=\"Tempo di lettura stimato\" \/>\n\t<meta name=\"twitter:data1\" content=\"1 minuto\" \/>\n<script type=\"application\/ld+json\" class=\"yoast-schema-graph\">{\"@context\":\"https:\/\/schema.org\",\"@graph\":[{\"@type\":\"WebPage\",\"@id\":\"https:\/\/www.shesso.com\/italian-fashion-company\/\",\"url\":\"https:\/\/www.shesso.com\/italian-fashion-company\/\",\"name\":\"Azienda maglieria made in italy: collezioni realizzate interamente in Italia\",\"isPartOf\":{\"@id\":\"https:\/\/www.shesso.com\/#website\"},\"datePublished\":\"2019-03-26T23:44:52+00:00\",\"dateModified\":\"2019-08-31T13:18:13+00:00\",\"description\":\"Collezioni di maglieria made in Italy: una ricerca estetica che elimina tutto ci\u00f2 che \u00e8 superfluo, e restituisce una nuova idea di femminilit\u00e0\",\"breadcrumb\":{\"@id\":\"https:\/\/www.shesso.com\/italian-fashion-company\/#breadcrumb\"},\"inLanguage\":\"it-IT\",\"potentialAction\":[{\"@type\":\"ReadAction\",\"target\":[\"https:\/\/www.shesso.com\/italian-fashion-company\/\"]}]},{\"@type\":\"BreadcrumbList\",\"@id\":\"https:\/\/www.shesso.com\/italian-fashion-company\/#breadcrumb\",\"itemListElement\":[{\"@type\":\"ListItem\",\"position\":1,\"name\":\"Home\",\"item\":\"https:\/\/www.shesso.com\/it\/\"},{\"@type\":\"ListItem\",\"position\":2,\"name\":\"Azienda\"}]},{\"@type\":\"WebSite\",\"@id\":\"https:\/\/www.shesso.com\/#website\",\"url\":\"https:\/\/www.shesso.com\/\",\"name\":\"SHE&#039;S SO\",\"description\":\"\",\"publisher\":{\"@id\":\"https:\/\/www.shesso.com\/#organization\"},\"potentialAction\":[{\"@type\":\"SearchAction\",\"target\":{\"@type\":\"EntryPoint\",\"urlTemplate\":\"https:\/\/www.shesso.com\/?s={search_term_string}\"},\"query-input\":\"required name=search_term_string\"}],\"inLanguage\":\"it-IT\"},{\"@type\":\"Organization\",\"@id\":\"https:\/\/www.shesso.com\/#organization\",\"name\":\"SHE'S SO\",\"url\":\"https:\/\/www.shesso.com\/\",\"logo\":{\"@type\":\"ImageObject\",\"inLanguage\":\"it-IT\",\"@id\":\"https:\/\/www.shesso.com\/#\/schema\/logo\/image\/\",\"url\":\"https:\/\/www.shesso.com\/wp-content\/uploads\/2019\/07\/shesso-logo-black-250.png\",\"contentUrl\":\"https:\/\/www.shesso.com\/wp-content\/uploads\/2019\/07\/shesso-logo-black-250.png\",\"width\":250,\"height\":90,\"caption\":\"SHE'S SO\"},\"image\":{\"@id\":\"https:\/\/www.shesso.com\/#\/schema\/logo\/image\/\"},\"sameAs\":[\"https:\/\/www.facebook.com\/ShessoItaly\/\"]}]}<\/script>\n<!-- \/ Yoast SEO plugin. -->","yoast_head_json":{"title":"Azienda maglieria made in italy: collezioni realizzate interamente in Italia","description":"Collezioni di maglieria made in Italy: una ricerca estetica che elimina tutto ci\u00f2 che \u00e8 superfluo, e restituisce una nuova idea di femminilit\u00e0","robots":{"index":"index","follow":"follow","max-snippet":"max-snippet:-1","max-image-preview":"max-image-preview:large","max-video-preview":"max-video-preview:-1"},"canonical":"https:\/\/www.shesso.com\/italian-fashion-company\/","og_locale":"it_IT","og_type":"article","og_title":"Azienda maglieria made in italy: collezioni realizzate interamente in Italia","og_description":"Collezioni di maglieria made in Italy: una ricerca estetica che elimina tutto ci\u00f2 che \u00e8 superfluo, e restituisce una nuova idea di femminilit\u00e0","og_url":"https:\/\/www.shesso.com\/italian-fashion-company\/","og_site_name":"SHE&#039;S SO","article_publisher":"https:\/\/www.facebook.com\/ShessoItaly\/","article_modified_time":"2019-08-31T13:18:13+00:00","og_image":[{"url":"https:\/\/www.shesso.com\/wp-content\/uploads\/2019\/07\/azienda2019-1.jpg"}],"twitter_card":"summary_large_image","twitter_misc":{"Tempo di lettura stimato":"1 minuto"},"schema":{"@context":"https:\/\/schema.org","@graph":[{"@type":"WebPage","@id":"https:\/\/www.shesso.com\/italian-fashion-company\/","url":"https:\/\/www.shesso.com\/italian-fashion-company\/","name":"Azienda maglieria made in italy: collezioni realizzate interamente in Italia","isPartOf":{"@id":"https:\/\/www.shesso.com\/#website"},"datePublished":"2019-03-26T23:44:52+00:00","dateModified":"2019-08-31T13:18:13+00:00","description":"Collezioni di maglieria made in Italy: una ricerca estetica che elimina tutto ci\u00f2 che \u00e8 superfluo, e restituisce una nuova idea di femminilit\u00e0","breadcrumb":{"@id":"https:\/\/www.shesso.com\/italian-fashion-company\/#breadcrumb"},"inLanguage":"it-IT","potentialAction":[{"@type":"ReadAction","target":["https:\/\/www.shesso.com\/italian-fashion-company\/"]}]},{"@type":"BreadcrumbList","@id":"https:\/\/www.shesso.com\/italian-fashion-company\/#breadcrumb","itemListElement":[{"@type":"ListItem","position":1,"name":"Home","item":"https:\/\/www.shesso.com\/it\/"},{"@type":"ListItem","position":2,"name":"Azienda"}]},{"@type":"WebSite","@id":"https:\/\/www.shesso.com\/#website","url":"https:\/\/www.shesso.com\/","name":"SHE&#039;S SO","description":"","publisher":{"@id":"https:\/\/www.shesso.com\/#organization"},"potentialAction":[{"@type":"SearchAction","target":{"@type":"EntryPoint","urlTemplate":"https:\/\/www.shesso.com\/?s={search_term_string}"},"query-input":"required name=search_term_string"}],"inLanguage":"it-IT"},{"@type":"Organization","@id":"https:\/\/www.shesso.com\/#organization","name":"SHE'S SO","url":"https:\/\/www.shesso.com\/","logo":{"@type":"ImageObject","inLanguage":"it-IT","@id":"https:\/\/www.shesso.com\/#\/schema\/logo\/image\/","url":"https:\/\/www.shesso.com\/wp-content\/uploads\/2019\/07\/shesso-logo-black-250.png","contentUrl":"https:\/\/www.shesso.com\/wp-content\/uploads\/2019\/07\/shesso-logo-black-250.png","width":250,"height":90,"caption":"SHE'S SO"},"image":{"@id":"https:\/\/www.shesso.com\/#\/schema\/logo\/image\/"},"sameAs":["https:\/\/www.facebook.com\/ShessoItaly\/"]}]}},"_links":{"self":[{"href":"https:\/\/www.shesso.com\/it\/wp-json\/wp\/v2\/pages\/867"}],"collection":[{"href":"https:\/\/www.shesso.com\/it\/wp-json\/wp\/v2\/pages"}],"about":[{"href":"https:\/\/www.shesso.com\/it\/wp-json\/wp\/v2\/types\/page"}],"author":[{"embeddable":true,"href":"https:\/\/www.shesso.com\/it\/wp-json\/wp\/v2\/users\/2"}],"replies":[{"embeddable":true,"href":"https:\/\/www.shesso.com\/it\/wp-json\/wp\/v2\/comments?post=867"}],"version-history":[{"count":0,"href":"https:\/\/www.shesso.com\/it\/wp-json\/wp\/v2\/pages\/867\/revisions"}],"wp:attachment":[{"href":"https:\/\/www.shesso.com\/it\/wp-json\/wp\/v2\/media?parent=867"}],"curies":[{"name":"wp","href":"https:\/\/api.w.org\/{rel}","templated":true}]}}